{"id":43,"date":"2025-10-22T16:40:50","date_gmt":"2025-10-22T16:40:50","guid":{"rendered":"https:\/\/stefanie-amrein.ch\/index.php\/home-2\/"},"modified":"2026-01-31T15:28:52","modified_gmt":"2026-01-31T15:28:52","slug":"home-2","status":"publish","type":"page","link":"https:\/\/stefanie-amrein.ch\/","title":{"rendered":"Home"},"content":{"rendered":"\t\t<div data-elementor-type=\"wp-page\" data-elementor-id=\"43\" class=\"elementor elementor-43\">\n\t\t\t\t<div class=\"elementor-element elementor-element-4f5fbb8 e-con-full e-flex e-con e-parent\" data-id=\"4f5fbb8\" data-element_type=\"container\" data-settings=\"{&quot;background_background&quot;:&quot;slideshow&quot;,&quot;background_slideshow_gallery&quot;:[],&quot;background_slideshow_loop&quot;:&quot;yes&quot;,&quot;background_slideshow_slide_duration&quot;:5000,&quot;background_slideshow_slide_transition&quot;:&quot;fade&quot;,&quot;background_slideshow_transition_duration&quot;:500}\">\n\t\t\t\t<div class=\"elementor-element elementor-element-3d164a9 elementor-widget__width-auto elementor-pagination-position-inside e-transform elementor-arrows-position-inside elementor-widget elementor-widget-image-carousel\" data-id=\"3d164a9\" data-element_type=\"widget\" data-settings=\"{&quot;slides_to_show&quot;:&quot;1&quot;,&quot;_animation&quot;:&quot;none&quot;,&quot;_transform_translateX_effect&quot;:{&quot;unit&quot;:&quot;%&quot;,&quot;size&quot;:&quot;&quot;,&quot;sizes&quot;:[]},&quot;_transform_translateX_effect_tablet&quot;:{&quot;unit&quot;:&quot;%&quot;,&quot;size&quot;:&quot;&quot;,&quot;sizes&quot;:[]},&quot;_transform_translateX_effect_mobile&quot;:{&quot;unit&quot;:&quot;%&quot;,&quot;size&quot;:&quot;&quot;,&quot;sizes&quot;:[]},&quot;navigation&quot;:&quot;both&quot;,&quot;autoplay&quot;:&quot;yes&quot;,&quot;pause_on_hover&quot;:&quot;yes&quot;,&quot;pause_on_interaction&quot;:&quot;yes&quot;,&quot;autoplay_speed&quot;:5000,&quot;infinite&quot;:&quot;yes&quot;,&quot;effect&quot;:&quot;slide&quot;,&quot;speed&quot;:500,&quot;_transform_translateY_effect&quot;:{&quot;unit&quot;:&quot;px&quot;,&quot;size&quot;:&quot;&quot;,&quot;sizes&quot;:[]},&quot;_transform_translateY_effect_tablet&quot;:{&quot;unit&quot;:&quot;px&quot;,&quot;size&quot;:&quot;&quot;,&quot;sizes&quot;:[]},&quot;_transform_translateY_effect_mobile&quot;:{&quot;unit&quot;:&quot;px&quot;,&quot;size&quot;:&quot;&quot;,&quot;sizes&quot;:[]}}\" data-widget_type=\"image-carousel.default\">\n\t\t\t\t\t\t\t<div class=\"elementor-image-carousel-wrapper swiper\" role=\"region\" aria-roledescription=\"carousel\" aria-label=\"Bild Karussell\" dir=\"ltr\">\n\t\t\t<div class=\"elementor-image-carousel swiper-wrapper\" aria-live=\"off\">\n\t\t\t\t\t\t\t\t<div class=\"swiper-slide\" role=\"group\" aria-roledescription=\"slide\" aria-label=\"1 von 7\"><figure class=\"swiper-slide-inner\"><img decoding=\"async\" class=\"swiper-slide-image\" src=\"https:\/\/stefanie-amrein.ch\/wp-content\/uploads\/elementor\/thumbs\/DSC_3610-scaled-rgivmxc3036ei28xh26nfjmt940r2iqa8wclb0znqw.jpg\" alt=\"USA\nNavajo Tribal Park\" \/><\/figure><\/div><div class=\"swiper-slide\" role=\"group\" aria-roledescription=\"slide\" aria-label=\"2 von 7\"><figure class=\"swiper-slide-inner\"><img decoding=\"async\" class=\"swiper-slide-image\" src=\"https:\/\/stefanie-amrein.ch\/wp-content\/uploads\/elementor\/thumbs\/DSC_4144-scaled-rgivw0fx2fm6qd1sezktj937z78hh6svhvdkbbinlk.jpg\" alt=\"Sonnenaufgang\" \/><\/figure><\/div><div class=\"swiper-slide\" role=\"group\" aria-roledescription=\"slide\" aria-label=\"3 von 7\"><figure class=\"swiper-slide-inner\"><img decoding=\"async\" class=\"swiper-slide-image\" src=\"https:\/\/stefanie-amrein.ch\/wp-content\/uploads\/elementor\/thumbs\/DSC_8712-scaled-rgivryqxn42qqsxf1qlnarurwh6lc3qh9u9axfioe0.jpg\" alt=\"Afrika\" \/><\/figure><\/div><div class=\"swiper-slide\" role=\"group\" aria-roledescription=\"slide\" aria-label=\"4 von 7\"><figure class=\"swiper-slide-inner\"><img decoding=\"async\" class=\"swiper-slide-image\" src=\"https:\/\/stefanie-amrein.ch\/wp-content\/uploads\/elementor\/thumbs\/DSC_4411-scaled-rgiwcihx1q7ejx2w24d1b36jepwglwb8fjofm71ud4.jpg\" alt=\"Home Karusell\" \/><\/figure><\/div><div class=\"swiper-slide\" role=\"group\" aria-roledescription=\"slide\" aria-label=\"5 von 7\"><figure class=\"swiper-slide-inner\"><img decoding=\"async\" class=\"swiper-slide-image\" src=\"https:\/\/stefanie-amrein.ch\/wp-content\/uploads\/elementor\/thumbs\/DSC_9624-scaled-rh4eo8ofj7z3bo14e22p18ufmnznd60lzl3ytlfkl4.jpg\" alt=\"Fotoreise\" \/><\/figure><\/div><div class=\"swiper-slide\" role=\"group\" aria-roledescription=\"slide\" aria-label=\"6 von 7\"><figure class=\"swiper-slide-inner\"><img decoding=\"async\" class=\"swiper-slide-image\" src=\"https:\/\/stefanie-amrein.ch\/wp-content\/uploads\/elementor\/thumbs\/DSC_3424-scaled-rh4e691mqdcj4c5ufs4qta9uc6nr1pljujmf5y3to8.jpg\" alt=\"Malibu Beach\" \/><\/figure><\/div><div class=\"swiper-slide\" role=\"group\" aria-roledescription=\"slide\" aria-label=\"7 von 7\"><figure class=\"swiper-slide-inner\"><img decoding=\"async\" class=\"swiper-slide-image\" src=\"https:\/\/stefanie-amrein.ch\/wp-content\/uploads\/elementor\/thumbs\/DSC_3229-scaled-rh4e029vqmvkor5fklu5wchljv5rdg15zx0cfda4mw.jpg\" alt=\"Kalifornien\" \/><\/figure><\/div>\t\t\t<\/div>\n\t\t\t\t\t\t\t\t\t\t\t\t<div class=\"elementor-swiper-button elementor-swiper-button-prev\" role=\"button\" tabindex=\"0\">\n\t\t\t\t\t\t<svg aria-hidden=\"true\" class=\"e-font-icon-svg e-eicon-chevron-left\" viewBox=\"0 0 1000 1000\" xmlns=\"http:\/\/www.w3.org\/2000\/svg\"><path d=\"M646 125C629 125 613 133 604 142L308 442C296 454 292 471 292 487 292 504 296 521 308 533L604 854C617 867 629 875 646 875 663 875 679 871 692 858 704 846 713 829 713 812 713 796 708 779 692 767L438 487 692 225C700 217 708 204 708 187 708 171 704 154 692 142 675 129 663 125 646 125Z\"><\/path><\/svg>\t\t\t\t\t<\/div>\n\t\t\t\t\t<div class=\"elementor-swiper-button elementor-swiper-button-next\" role=\"button\" tabindex=\"0\">\n\t\t\t\t\t\t<svg aria-hidden=\"true\" class=\"e-font-icon-svg e-eicon-chevron-right\" viewBox=\"0 0 1000 1000\" xmlns=\"http:\/\/www.w3.org\/2000\/svg\"><path d=\"M696 533C708 521 713 504 713 487 713 471 708 454 696 446L400 146C388 133 375 125 354 125 338 125 325 129 313 142 300 154 292 171 292 187 292 204 296 221 308 233L563 492 304 771C292 783 288 800 288 817 288 833 296 850 308 863 321 871 338 875 354 875 371 875 388 867 400 854L696 533Z\"><\/path><\/svg>\t\t\t\t\t<\/div>\n\t\t\t\t\n\t\t\t\t\t\t\t\t\t<div class=\"swiper-pagination\"><\/div>\n\t\t\t\t\t\t\t\t\t<\/div>\n\t\t\t\t\t\t<\/div>\n\t\t\t\t<div class=\"elementor-element elementor-element-be81d1e e-transform elementor-widget elementor-widget-heading\" data-id=\"be81d1e\" data-element_type=\"widget\" data-settings=\"{&quot;_transform_translateX_effect&quot;:{&quot;unit&quot;:&quot;%&quot;,&quot;size&quot;:0,&quot;sizes&quot;:[]},&quot;_transform_translateX_effect_tablet&quot;:{&quot;unit&quot;:&quot;%&quot;,&quot;size&quot;:&quot;&quot;,&quot;sizes&quot;:[]},&quot;_transform_translateX_effect_mobile&quot;:{&quot;unit&quot;:&quot;%&quot;,&quot;size&quot;:0,&quot;sizes&quot;:[]},&quot;_transform_translateY_effect&quot;:{&quot;unit&quot;:&quot;%&quot;,&quot;size&quot;:48,&quot;sizes&quot;:[]},&quot;_transform_translateY_effect_tablet&quot;:{&quot;unit&quot;:&quot;%&quot;,&quot;size&quot;:&quot;&quot;,&quot;sizes&quot;:[]},&quot;_transform_translateY_effect_mobile&quot;:{&quot;unit&quot;:&quot;%&quot;,&quot;size&quot;:-33,&quot;sizes&quot;:[]}}\" data-widget_type=\"heading.default\">\n\t\t\t\t\t<h2 class=\"elementor-heading-title elementor-size-default\">Stefanie Amrein Photography<\/h2>\t\t\t\t<\/div>\n\t\t\t\t<\/div>\n\t\t<div class=\"elementor-element elementor-element-1728235 e-flex e-con-boxed e-con e-parent\" data-id=\"1728235\" data-element_type=\"container\">\n\t\t\t\t\t<div class=\"e-con-inner\">\n\t\t\t\t<div class=\"elementor-element elementor-element-8506f92 elementor-widget elementor-widget-text-editor\" data-id=\"8506f92\" data-element_type=\"widget\" data-widget_type=\"text-editor.default\">\n\t\t\t\t\t\t\t\t\t<p>Willkommen auf meiner Fotografie-Seite!<\/p><p>Sch\u00f6n, dass du hier bist! Ich freue mich, dir meine Arbeit zeigen zu d\u00fcrfen. Schau dich gerne um und lass dich von meinen Bildern inspirieren &#8211; ob aus der Natur, dem Studio oder besonderen Momenten, die im richtigen Augenblick festgehalten wurden.<\/p><p>Du hast Fragen, eine Idee oder ganz spezielle W\u00fcnsche? Melde dich jederzeit gerne bei mir! Ich nehme mir Zeit f\u00fcr deine Vorstellungen und setze sie individuell um. Auch Shootings mit Tieren geh\u00f6ren zu meinem Angebot &#8211; mit Geduld, Ruhe und Herz.<\/p><p>Ich freue mich darauf, dich und deine Geschichte mit der Kamera begleiten zu d\u00fcrfen.<\/p>\t\t\t\t\t\t\t\t<\/div>\n\t\t\t\t\t<\/div>\n\t\t\t\t<\/div>\n\t\t<div class=\"elementor-element elementor-element-5de80fd e-flex e-con-boxed e-con e-parent\" data-id=\"5de80fd\" data-element_type=\"container\">\n\t\t\t\t\t<div class=\"e-con-inner\">\n\t\t\t\t\t<\/div>\n\t\t\t\t<\/div>\n\t\t\t\t<\/div>\n\t\t","protected":false},"excerpt":{"rendered":"<p>Stefanie Amrein Photography Willkommen auf meiner Fotografie-Seite! Sch\u00f6n, dass du hier bist! Ich freue mich, dir meine Arbeit zeigen zu d\u00fcrfen. Schau dich gerne um und lass dich von meinen Bildern inspirieren &#8211; ob aus der Natur, dem Studio oder besonderen Momenten, die im richtigen Augenblick festgehalten wurden. Du hast Fragen, eine Idee oder ganz [&hellip;]<\/p>\n","protected":false},"author":1,"featured_media":0,"parent":0,"menu_order":0,"comment_status":"closed","ping_status":"closed","template":"elementor_header_footer","meta":{"footnotes":""},"class_list":["post-43","page","type-page","status-publish","hentry"],"yoast_head":"<!-- This site is optimized with the Yoast SEO plugin v26.8 - https:\/\/yoast.com\/product\/yoast-seo-wordpress\/ -->\n<title>Home - Stefanie Amrein Photography<\/title>\n<meta name=\"robots\" content=\"index, follow, max-snippet:-1, max-image-preview:large, max-video-preview:-1\" \/>\n<link rel=\"canonical\" href=\"https:\/\/stefanie-amrein.ch\/\" \/>\n<meta property=\"og:locale\" content=\"de_DE\" \/>\n<meta property=\"og:type\" content=\"article\" \/>\n<meta property=\"og:title\" content=\"Home - Stefanie Amrein Photography\" \/>\n<meta property=\"og:description\" content=\"Stefanie Amrein Photography Willkommen auf meiner Fotografie-Seite! Sch\u00f6n, dass du hier bist! Ich freue mich, dir meine Arbeit zeigen zu d\u00fcrfen. Schau dich gerne um und lass dich von meinen Bildern inspirieren &#8211; ob aus der Natur, dem Studio oder besonderen Momenten, die im richtigen Augenblick festgehalten wurden. Du hast Fragen, eine Idee oder ganz [&hellip;]\" \/>\n<meta property=\"og:url\" content=\"https:\/\/stefanie-amrein.ch\/\" \/>\n<meta property=\"og:site_name\" content=\"Stefanie Amrein Photography\" \/>\n<meta property=\"article:modified_time\" content=\"2026-01-31T15:28:52+00:00\" \/>\n<meta property=\"og:image\" content=\"https:\/\/stefanie-amrein.ch\/wp-content\/uploads\/elementor\/thumbs\/DSC_3610-scaled-rgivmxc3036ei28xh26nfjmt940r2iqa8wclb0znqw.jpg\" \/>\n<meta name=\"twitter:card\" content=\"summary_large_image\" \/>\n<meta name=\"twitter:label1\" content=\"Gesch\u00e4tzte Lesezeit\" \/>\n\t<meta name=\"twitter:data1\" content=\"3\u00a0Minuten\" \/>\n<script type=\"application\/ld+json\" class=\"yoast-schema-graph\">{\"@context\":\"https:\/\/schema.org\",\"@graph\":[{\"@type\":\"WebPage\",\"@id\":\"https:\/\/stefanie-amrein.ch\/\",\"url\":\"https:\/\/stefanie-amrein.ch\/\",\"name\":\"Home - Stefanie Amrein Photography\",\"isPartOf\":{\"@id\":\"https:\/\/stefanie-amrein.ch\/#website\"},\"primaryImageOfPage\":{\"@id\":\"https:\/\/stefanie-amrein.ch\/#primaryimage\"},\"image\":{\"@id\":\"https:\/\/stefanie-amrein.ch\/#primaryimage\"},\"thumbnailUrl\":\"https:\/\/stefanie-amrein.ch\/wp-content\/uploads\/elementor\/thumbs\/DSC_3610-scaled-rgivmxc3036ei28xh26nfjmt940r2iqa8wclb0znqw.jpg\",\"datePublished\":\"2025-10-22T16:40:50+00:00\",\"dateModified\":\"2026-01-31T15:28:52+00:00\",\"breadcrumb\":{\"@id\":\"https:\/\/stefanie-amrein.ch\/#breadcrumb\"},\"inLanguage\":\"de\",\"potentialAction\":[{\"@type\":\"ReadAction\",\"target\":[\"https:\/\/stefanie-amrein.ch\/\"]}]},{\"@type\":\"ImageObject\",\"inLanguage\":\"de\",\"@id\":\"https:\/\/stefanie-amrein.ch\/#primaryimage\",\"url\":\"https:\/\/stefanie-amrein.ch\/wp-content\/uploads\/elementor\/thumbs\/DSC_3610-scaled-rgivmxc3036ei28xh26nfjmt940r2iqa8wclb0znqw.jpg\",\"contentUrl\":\"https:\/\/stefanie-amrein.ch\/wp-content\/uploads\/elementor\/thumbs\/DSC_3610-scaled-rgivmxc3036ei28xh26nfjmt940r2iqa8wclb0znqw.jpg\"},{\"@type\":\"BreadcrumbList\",\"@id\":\"https:\/\/stefanie-amrein.ch\/#breadcrumb\",\"itemListElement\":[{\"@type\":\"ListItem\",\"position\":1,\"name\":\"Start\",\"item\":\"https:\/\/stefanie-amrein.ch\/\"},{\"@type\":\"ListItem\",\"position\":2,\"name\":\"Home\"}]},{\"@type\":\"WebSite\",\"@id\":\"https:\/\/stefanie-amrein.ch\/#website\",\"url\":\"https:\/\/stefanie-amrein.ch\/\",\"name\":\"Stefanie Amrein Photography\",\"description\":\"Fotoshooting in der Schweiz\",\"publisher\":{\"@id\":\"https:\/\/stefanie-amrein.ch\/#organization\"},\"potentialAction\":[{\"@type\":\"SearchAction\",\"target\":{\"@type\":\"EntryPoint\",\"urlTemplate\":\"https:\/\/stefanie-amrein.ch\/?s={search_term_string}\"},\"query-input\":{\"@type\":\"PropertyValueSpecification\",\"valueRequired\":true,\"valueName\":\"search_term_string\"}}],\"inLanguage\":\"de\"},{\"@type\":\"Organization\",\"@id\":\"https:\/\/stefanie-amrein.ch\/#organization\",\"name\":\"Stefanie Amrein Photography\",\"url\":\"https:\/\/stefanie-amrein.ch\/\",\"logo\":{\"@type\":\"ImageObject\",\"inLanguage\":\"de\",\"@id\":\"https:\/\/stefanie-amrein.ch\/#\/schema\/logo\/image\/\",\"url\":\"https:\/\/stefanie-amrein.ch\/wp-content\/uploads\/2025\/10\/Camerapaw_noBG.png\",\"contentUrl\":\"https:\/\/stefanie-amrein.ch\/wp-content\/uploads\/2025\/10\/Camerapaw_noBG.png\",\"width\":1024,\"height\":1024,\"caption\":\"Stefanie Amrein Photography\"},\"image\":{\"@id\":\"https:\/\/stefanie-amrein.ch\/#\/schema\/logo\/image\/\"}}]}<\/script>\n<!-- \/ Yoast SEO plugin. -->","yoast_head_json":{"title":"Home - Stefanie Amrein Photography","robots":{"index":"index","follow":"follow","max-snippet":"max-snippet:-1","max-image-preview":"max-image-preview:large","max-video-preview":"max-video-preview:-1"},"canonical":"https:\/\/stefanie-amrein.ch\/","og_locale":"de_DE","og_type":"article","og_title":"Home - Stefanie Amrein Photography","og_description":"Stefanie Amrein Photography Willkommen auf meiner Fotografie-Seite! Sch\u00f6n, dass du hier bist! Ich freue mich, dir meine Arbeit zeigen zu d\u00fcrfen. Schau dich gerne um und lass dich von meinen Bildern inspirieren &#8211; ob aus der Natur, dem Studio oder besonderen Momenten, die im richtigen Augenblick festgehalten wurden. Du hast Fragen, eine Idee oder ganz [&hellip;]","og_url":"https:\/\/stefanie-amrein.ch\/","og_site_name":"Stefanie Amrein Photography","article_modified_time":"2026-01-31T15:28:52+00:00","og_image":[{"url":"https:\/\/stefanie-amrein.ch\/wp-content\/uploads\/elementor\/thumbs\/DSC_3610-scaled-rgivmxc3036ei28xh26nfjmt940r2iqa8wclb0znqw.jpg","type":"","width":"","height":""}],"twitter_card":"summary_large_image","twitter_misc":{"Gesch\u00e4tzte Lesezeit":"3\u00a0Minuten"},"schema":{"@context":"https:\/\/schema.org","@graph":[{"@type":"WebPage","@id":"https:\/\/stefanie-amrein.ch\/","url":"https:\/\/stefanie-amrein.ch\/","name":"Home - Stefanie Amrein Photography","isPartOf":{"@id":"https:\/\/stefanie-amrein.ch\/#website"},"primaryImageOfPage":{"@id":"https:\/\/stefanie-amrein.ch\/#primaryimage"},"image":{"@id":"https:\/\/stefanie-amrein.ch\/#primaryimage"},"thumbnailUrl":"https:\/\/stefanie-amrein.ch\/wp-content\/uploads\/elementor\/thumbs\/DSC_3610-scaled-rgivmxc3036ei28xh26nfjmt940r2iqa8wclb0znqw.jpg","datePublished":"2025-10-22T16:40:50+00:00","dateModified":"2026-01-31T15:28:52+00:00","breadcrumb":{"@id":"https:\/\/stefanie-amrein.ch\/#breadcrumb"},"inLanguage":"de","potentialAction":[{"@type":"ReadAction","target":["https:\/\/stefanie-amrein.ch\/"]}]},{"@type":"ImageObject","inLanguage":"de","@id":"https:\/\/stefanie-amrein.ch\/#primaryimage","url":"https:\/\/stefanie-amrein.ch\/wp-content\/uploads\/elementor\/thumbs\/DSC_3610-scaled-rgivmxc3036ei28xh26nfjmt940r2iqa8wclb0znqw.jpg","contentUrl":"https:\/\/stefanie-amrein.ch\/wp-content\/uploads\/elementor\/thumbs\/DSC_3610-scaled-rgivmxc3036ei28xh26nfjmt940r2iqa8wclb0znqw.jpg"},{"@type":"BreadcrumbList","@id":"https:\/\/stefanie-amrein.ch\/#breadcrumb","itemListElement":[{"@type":"ListItem","position":1,"name":"Start","item":"https:\/\/stefanie-amrein.ch\/"},{"@type":"ListItem","position":2,"name":"Home"}]},{"@type":"WebSite","@id":"https:\/\/stefanie-amrein.ch\/#website","url":"https:\/\/stefanie-amrein.ch\/","name":"Stefanie Amrein Photography","description":"Fotoshooting in der Schweiz","publisher":{"@id":"https:\/\/stefanie-amrein.ch\/#organization"},"potentialAction":[{"@type":"SearchAction","target":{"@type":"EntryPoint","urlTemplate":"https:\/\/stefanie-amrein.ch\/?s={search_term_string}"},"query-input":{"@type":"PropertyValueSpecification","valueRequired":true,"valueName":"search_term_string"}}],"inLanguage":"de"},{"@type":"Organization","@id":"https:\/\/stefanie-amrein.ch\/#organization","name":"Stefanie Amrein Photography","url":"https:\/\/stefanie-amrein.ch\/","logo":{"@type":"ImageObject","inLanguage":"de","@id":"https:\/\/stefanie-amrein.ch\/#\/schema\/logo\/image\/","url":"https:\/\/stefanie-amrein.ch\/wp-content\/uploads\/2025\/10\/Camerapaw_noBG.png","contentUrl":"https:\/\/stefanie-amrein.ch\/wp-content\/uploads\/2025\/10\/Camerapaw_noBG.png","width":1024,"height":1024,"caption":"Stefanie Amrein Photography"},"image":{"@id":"https:\/\/stefanie-amrein.ch\/#\/schema\/logo\/image\/"}}]}},"_links":{"self":[{"href":"https:\/\/stefanie-amrein.ch\/index.php\/wp-json\/wp\/v2\/pages\/43","targetHints":{"allow":["GET"]}}],"collection":[{"href":"https:\/\/stefanie-amrein.ch\/index.php\/wp-json\/wp\/v2\/pages"}],"about":[{"href":"https:\/\/stefanie-amrein.ch\/index.php\/wp-json\/wp\/v2\/types\/page"}],"author":[{"embeddable":true,"href":"https:\/\/stefanie-amrein.ch\/index.php\/wp-json\/wp\/v2\/users\/1"}],"replies":[{"embeddable":true,"href":"https:\/\/stefanie-amrein.ch\/index.php\/wp-json\/wp\/v2\/comments?post=43"}],"version-history":[{"count":193,"href":"https:\/\/stefanie-amrein.ch\/index.php\/wp-json\/wp\/v2\/pages\/43\/revisions"}],"predecessor-version":[{"id":1002,"href":"https:\/\/stefanie-amrein.ch\/index.php\/wp-json\/wp\/v2\/pages\/43\/revisions\/1002"}],"wp:attachment":[{"href":"https:\/\/stefanie-amrein.ch\/index.php\/wp-json\/wp\/v2\/media?parent=43"}],"curies":[{"name":"wp","href":"https:\/\/api.w.org\/{rel}","templated":true}]}}